{"id":1969,"date":"2025-04-13T21:43:35","date_gmt":"2025-04-13T21:43:35","guid":{"rendered":"https:\/\/custom.k8malabares.com\/?post_type=product&#038;p=1969"},"modified":"2026-03-01T17:12:12","modified_gmt":"2026-03-01T17:12:12","slug":"yana-1-juggling-magazine","status":"publish","type":"product","link":"https:\/\/k8malabares.com\/en\/product\/yana-1-juggling-magazine\/","title":{"rendered":"YANA #1 Juggling Magazine"},"content":{"rendered":"<p><strong data-start=\"1175\" data-end=\"1195\">YANA Magazine #1<\/strong> is a celebration of <strong data-start=\"1216\" data-end=\"1238\">emotional juggling<\/strong>, offering a platform where jugglers from around the world share artworks, essays, and unique perspectives on this intricate and diverse art form. Published in 2020 in Stockholm under the direction of <strong>Florence Schroeder<\/strong>, YANA presents an intimate view of juggling beyond performance, exploring its connections with <strong data-start=\"1553\" data-end=\"1642\">movement, rhythm, composition, mathematics, sports, architecture, design, and hobbies<\/strong>.<br data-start=\"1643\" data-end=\"1646\" \/>This first edition features 160 pages (23 x 30 cm) with contributions from internationally recognized jugglers, including Eric Longequel, Neta Oren, Victor de Bouv\u00e8re, Ga\u00eblle Copp\u00e9e, Daigo Itatsu, Natasha Patterson, Francisco Cruz, and many more. Published in Sweden by Gling, ISSN 2003-6655, YANA is an essential publication for anyone seeking to experience juggling from an artistic, intellectual, and creative perspective.<\/p>\n","protected":false},"excerpt":{"rendered":"<p data-start=\"525\" data-end=\"813\">YANA Magazine #1: 160 pages celebrating emotional and creative juggling, featuring essays, artworks, and unique perspectives from jugglers worldwide. An essential publication for anyone looking to explore juggling from an artistic, intellectual, and personal perspective.<\/p>\n","protected":false},"featured_media":1970,"template":"","meta":{"_acf_changed":false},"product_brand":[],"product_cat":[68,69],"product_tag":[],"class_list":{"0":"post-1969","1":"product","2":"type-product","3":"status-publish","4":"has-post-thumbnail","6":"product_cat-books-media","7":"product_cat-juggling-props","9":"first","10":"instock","11":"sale","12":"taxable","13":"shipping-taxable","14":"purchasable","15":"product-type-simple"},"acf":[],"yoast_head":"<!-- This site is optimized with the Yoast SEO plugin v27.2 - https:\/\/yoast.com\/product\/yoast-seo-wordpress\/ -->\n<title>YANA Magazine #1 \u2013 Art &amp; Creative Juggling<\/title>\n<meta name=\"description\" content=\"YANA Magazine #1 explores emotional and creative juggling through essays, artwork, and global perspectives. 160 pages, Sweden 2020.\" \/>\n<meta name=\"robots\" content=\"index, follow, max-snippet:-1, max-image-preview:large, max-video-preview:-1\" \/>\n<link rel=\"canonical\" href=\"https:\/\/k8malabares.com\/en\/product\/yana-1-juggling-magazine\/\" \/>\n<meta name=\"twitter:card\" content=\"summary_large_image\" \/>\n<meta name=\"twitter:title\" content=\"YANA Magazine #1 \u2013 Art &amp; Creative Juggling\" \/>\n<meta name=\"twitter:description\" content=\"YANA Magazine #1 explores emotional and creative juggling through essays, artwork, and global perspectives. 160 pages, Sweden 2020.\" \/>\n<meta name=\"twitter:image\" content=\"https:\/\/k8malabares.com\/wp-content\/uploads\/2025\/04\/yana-magazine.jpg\" \/>\n<meta name=\"twitter:label1\" content=\"Est. reading time\" \/>\n\t<meta name=\"twitter:data1\" content=\"1 minute\" \/>\n<script type=\"application\/ld+json\" class=\"yoast-schema-graph\">{\"@context\":\"https:\/\/schema.org\",\"@graph\":[{\"@type\":\"WebPage\",\"@id\":\"https:\/\/k8malabares.com\/en\/product\/yana-1-juggling-magazine\/\",\"url\":\"https:\/\/k8malabares.com\/en\/product\/yana-1-juggling-magazine\/\",\"name\":\"YANA Magazine #1 \u2013 Art & Creative Juggling\",\"isPartOf\":{\"@id\":\"https:\/\/k8malabares.com\/en\/#website\"},\"primaryImageOfPage\":{\"@id\":\"https:\/\/k8malabares.com\/en\/product\/yana-1-juggling-magazine\/#primaryimage\"},\"image\":{\"@id\":\"https:\/\/k8malabares.com\/en\/product\/yana-1-juggling-magazine\/#primaryimage\"},\"thumbnailUrl\":\"https:\/\/k8malabares.com\/wp-content\/uploads\/2025\/04\/yana-magazine.jpg\",\"datePublished\":\"2025-04-13T21:43:35+00:00\",\"dateModified\":\"2026-03-01T17:12:12+00:00\",\"description\":\"YANA Magazine #1 explores emotional and creative juggling through essays, artwork, and global perspectives. 160 pages, Sweden 2020.\",\"breadcrumb\":{\"@id\":\"https:\/\/k8malabares.com\/en\/product\/yana-1-juggling-magazine\/#breadcrumb\"},\"inLanguage\":\"en-US\",\"potentialAction\":[{\"@type\":\"ReadAction\",\"target\":[\"https:\/\/k8malabares.com\/en\/product\/yana-1-juggling-magazine\/\"]}]},{\"@type\":\"ImageObject\",\"inLanguage\":\"en-US\",\"@id\":\"https:\/\/k8malabares.com\/en\/product\/yana-1-juggling-magazine\/#primaryimage\",\"url\":\"https:\/\/k8malabares.com\/wp-content\/uploads\/2025\/04\/yana-magazine.jpg\",\"contentUrl\":\"https:\/\/k8malabares.com\/wp-content\/uploads\/2025\/04\/yana-magazine.jpg\",\"width\":1000,\"height\":1000},{\"@type\":\"BreadcrumbList\",\"@id\":\"https:\/\/k8malabares.com\/en\/product\/yana-1-juggling-magazine\/#breadcrumb\",\"itemListElement\":[{\"@type\":\"ListItem\",\"position\":1,\"name\":\"Home\",\"item\":\"https:\/\/k8malabares.com\/en\/\"},{\"@type\":\"ListItem\",\"position\":2,\"name\":\"Shop\",\"item\":\"https:\/\/k8malabares.com\/en\/shop\/\"},{\"@type\":\"ListItem\",\"position\":3,\"name\":\"YANA #1 Juggling Magazine\"}]},{\"@type\":\"WebSite\",\"@id\":\"https:\/\/k8malabares.com\/en\/#website\",\"url\":\"https:\/\/k8malabares.com\/en\/\",\"name\":\"K8 Malabares\",\"description\":\"K8 Malabares Store\",\"publisher\":{\"@id\":\"https:\/\/k8malabares.com\/en\/#organization\"},\"potentialAction\":[{\"@type\":\"SearchAction\",\"target\":{\"@type\":\"EntryPoint\",\"urlTemplate\":\"https:\/\/k8malabares.com\/en\/?s={search_term_string}\"},\"query-input\":{\"@type\":\"PropertyValueSpecification\",\"valueRequired\":true,\"valueName\":\"search_term_string\"}}],\"inLanguage\":\"en-US\"},{\"@type\":\"Organization\",\"@id\":\"https:\/\/k8malabares.com\/en\/#organization\",\"name\":\"K8 Malabares\",\"url\":\"https:\/\/k8malabares.com\/en\/\",\"logo\":{\"@type\":\"ImageObject\",\"inLanguage\":\"en-US\",\"@id\":\"https:\/\/k8malabares.com\/en\/#\/schema\/logo\/image\/\",\"url\":\"https:\/\/k8malabares.com\/wp-content\/uploads\/2024\/05\/logok8.jpg\",\"contentUrl\":\"https:\/\/k8malabares.com\/wp-content\/uploads\/2024\/05\/logok8.jpg\",\"width\":180,\"height\":202,\"caption\":\"K8 Malabares\"},\"image\":{\"@id\":\"https:\/\/k8malabares.com\/en\/#\/schema\/logo\/image\/\"},\"sameAs\":[\"https:\/\/facebook.com\/k8juggling\",\"https:\/\/instagram.com\/k8malabares\",\"https:\/\/www.youtube.com\/user\/k8juggling\"]}]}<\/script>\n<!-- \/ Yoast SEO plugin. -->","yoast_head_json":{"title":"YANA Magazine #1 \u2013 Art & Creative Juggling","description":"YANA Magazine #1 explores emotional and creative juggling through essays, artwork, and global perspectives. 160 pages, Sweden 2020.","robots":{"index":"index","follow":"follow","max-snippet":"max-snippet:-1","max-image-preview":"max-image-preview:large","max-video-preview":"max-video-preview:-1"},"canonical":"https:\/\/k8malabares.com\/en\/product\/yana-1-juggling-magazine\/","twitter_card":"summary_large_image","twitter_title":"YANA Magazine #1 \u2013 Art & Creative Juggling","twitter_description":"YANA Magazine #1 explores emotional and creative juggling through essays, artwork, and global perspectives. 160 pages, Sweden 2020.","twitter_image":"https:\/\/k8malabares.com\/wp-content\/uploads\/2025\/04\/yana-magazine.jpg","twitter_misc":{"Est. reading time":"1 minute"},"schema":{"@context":"https:\/\/schema.org","@graph":[{"@type":"WebPage","@id":"https:\/\/k8malabares.com\/en\/product\/yana-1-juggling-magazine\/","url":"https:\/\/k8malabares.com\/en\/product\/yana-1-juggling-magazine\/","name":"YANA Magazine #1 \u2013 Art & Creative Juggling","isPartOf":{"@id":"https:\/\/k8malabares.com\/en\/#website"},"primaryImageOfPage":{"@id":"https:\/\/k8malabares.com\/en\/product\/yana-1-juggling-magazine\/#primaryimage"},"image":{"@id":"https:\/\/k8malabares.com\/en\/product\/yana-1-juggling-magazine\/#primaryimage"},"thumbnailUrl":"https:\/\/k8malabares.com\/wp-content\/uploads\/2025\/04\/yana-magazine.jpg","datePublished":"2025-04-13T21:43:35+00:00","dateModified":"2026-03-01T17:12:12+00:00","description":"YANA Magazine #1 explores emotional and creative juggling through essays, artwork, and global perspectives. 160 pages, Sweden 2020.","breadcrumb":{"@id":"https:\/\/k8malabares.com\/en\/product\/yana-1-juggling-magazine\/#breadcrumb"},"inLanguage":"en-US","potentialAction":[{"@type":"ReadAction","target":["https:\/\/k8malabares.com\/en\/product\/yana-1-juggling-magazine\/"]}]},{"@type":"ImageObject","inLanguage":"en-US","@id":"https:\/\/k8malabares.com\/en\/product\/yana-1-juggling-magazine\/#primaryimage","url":"https:\/\/k8malabares.com\/wp-content\/uploads\/2025\/04\/yana-magazine.jpg","contentUrl":"https:\/\/k8malabares.com\/wp-content\/uploads\/2025\/04\/yana-magazine.jpg","width":1000,"height":1000},{"@type":"BreadcrumbList","@id":"https:\/\/k8malabares.com\/en\/product\/yana-1-juggling-magazine\/#breadcrumb","itemListElement":[{"@type":"ListItem","position":1,"name":"Home","item":"https:\/\/k8malabares.com\/en\/"},{"@type":"ListItem","position":2,"name":"Shop","item":"https:\/\/k8malabares.com\/en\/shop\/"},{"@type":"ListItem","position":3,"name":"YANA #1 Juggling Magazine"}]},{"@type":"WebSite","@id":"https:\/\/k8malabares.com\/en\/#website","url":"https:\/\/k8malabares.com\/en\/","name":"K8 Malabares","description":"K8 Malabares Store","publisher":{"@id":"https:\/\/k8malabares.com\/en\/#organization"},"potentialAction":[{"@type":"SearchAction","target":{"@type":"EntryPoint","urlTemplate":"https:\/\/k8malabares.com\/en\/?s={search_term_string}"},"query-input":{"@type":"PropertyValueSpecification","valueRequired":true,"valueName":"search_term_string"}}],"inLanguage":"en-US"},{"@type":"Organization","@id":"https:\/\/k8malabares.com\/en\/#organization","name":"K8 Malabares","url":"https:\/\/k8malabares.com\/en\/","logo":{"@type":"ImageObject","inLanguage":"en-US","@id":"https:\/\/k8malabares.com\/en\/#\/schema\/logo\/image\/","url":"https:\/\/k8malabares.com\/wp-content\/uploads\/2024\/05\/logok8.jpg","contentUrl":"https:\/\/k8malabares.com\/wp-content\/uploads\/2024\/05\/logok8.jpg","width":180,"height":202,"caption":"K8 Malabares"},"image":{"@id":"https:\/\/k8malabares.com\/en\/#\/schema\/logo\/image\/"},"sameAs":["https:\/\/facebook.com\/k8juggling","https:\/\/instagram.com\/k8malabares","https:\/\/www.youtube.com\/user\/k8juggling"]}]}},"jetpack_sharing_enabled":true,"_links":{"self":[{"href":"https:\/\/k8malabares.com\/en\/wp-json\/wp\/v2\/product\/1969","targetHints":{"allow":["GET"]}}],"collection":[{"href":"https:\/\/k8malabares.com\/en\/wp-json\/wp\/v2\/product"}],"about":[{"href":"https:\/\/k8malabares.com\/en\/wp-json\/wp\/v2\/types\/product"}],"wp:featuredmedia":[{"embeddable":true,"href":"https:\/\/k8malabares.com\/en\/wp-json\/wp\/v2\/media\/1970"}],"wp:attachment":[{"href":"https:\/\/k8malabares.com\/en\/wp-json\/wp\/v2\/media?parent=1969"}],"wp:term":[{"taxonomy":"product_brand","embeddable":true,"href":"https:\/\/k8malabares.com\/en\/wp-json\/wp\/v2\/product_brand?post=1969"},{"taxonomy":"product_cat","embeddable":true,"href":"https:\/\/k8malabares.com\/en\/wp-json\/wp\/v2\/product_cat?post=1969"},{"taxonomy":"product_tag","embeddable":true,"href":"https:\/\/k8malabares.com\/en\/wp-json\/wp\/v2\/product_tag?post=1969"}],"curies":[{"name":"wp","href":"https:\/\/api.w.org\/{rel}","templated":true}]}}